{"id":470,"date":"2023-01-31T15:42:42","date_gmt":"2023-01-31T21:42:42","guid":{"rendered":"https:\/\/neotecnologiaweb.com\/blog-de-marketing-digital\/?post_type=product&#038;p=470"},"modified":"2023-01-31T15:42:42","modified_gmt":"2023-01-31T21:42:42","slug":"web-alvisoft-revision-y-cambio-de-version-php-a-la-7-4","status":"publish","type":"product","link":"https:\/\/neotecnologiaweb.com\/blog-de-marketing-digital\/servicios\/web-alvisoft-revision-y-cambio-de-version-php-a-la-7-4\/","title":{"rendered":"Web Alvisoft - revisi\u00f3n y cambio de versi\u00f3n PHP a la 7.4"},"content":{"rendered":"<p>Se detect\u00f3 un cambio en la versi\u00f3n de php en las landing page de Alvisoft, apareci\u00f3 generado autom\u00e1ticamente por el cpanel del hosting la versi\u00f3n 5.6 por lo tanto se realiz\u00f3 la modificaci\u00f3n a la versi\u00f3n 7.4 que es la que se necesita para evitar problemas en dichas landing page.<\/p>\n","protected":false},"excerpt":{"rendered":"<p>Se detect\u00f3 un cambio en la versi\u00f3n de php en las landing page de Alvisoft, apareci\u00f3 generado autom\u00e1ticamente por el cpanel del hosting la versi\u00f3n 5.6 por lo tanto se realiz\u00f3 la modificaci\u00f3n a la versi\u00f3n 7.4 que es la que se necesita para evitar problemas en dichas landing page.<\/p>\n","protected":false},"featured_media":181,"comment_status":"open","ping_status":"closed","template":"","meta":{"inline_featured_image":false},"product_cat":[40],"product_tag":[],"_links":{"self":[{"href":"https:\/\/neotecnologiaweb.com\/blog-de-marketing-digital\/wp-json\/wp\/v2\/product\/470"}],"collection":[{"href":"https:\/\/neotecnologiaweb.com\/blog-de-marketing-digital\/wp-json\/wp\/v2\/product"}],"about":[{"href":"https:\/\/neotecnologiaweb.com\/blog-de-marketing-digital\/wp-json\/wp\/v2\/types\/product"}],"replies":[{"embeddable":true,"href":"https:\/\/neotecnologiaweb.com\/blog-de-marketing-digital\/wp-json\/wp\/v2\/comments?post=470"}],"wp:featuredmedia":[{"embeddable":true,"href":"https:\/\/neotecnologiaweb.com\/blog-de-marketing-digital\/wp-json\/wp\/v2\/media\/181"}],"wp:attachment":[{"href":"https:\/\/neotecnologiaweb.com\/blog-de-marketing-digital\/wp-json\/wp\/v2\/media?parent=470"}],"wp:term":[{"taxonomy":"product_cat","embeddable":true,"href":"https:\/\/neotecnologiaweb.com\/blog-de-marketing-digital\/wp-json\/wp\/v2\/product_cat?post=470"},{"taxonomy":"product_tag","embeddable":true,"href":"https:\/\/neotecnologiaweb.com\/blog-de-marketing-digital\/wp-json\/wp\/v2\/product_tag?post=470"}],"curies":[{"name":"wp","href":"https:\/\/api.w.org\/{rel}","templated":true}]}}